{"id":313,"date":"2024-02-26T03:51:37","date_gmt":"2024-02-26T03:51:37","guid":{"rendered":"https:\/\/www.lavimedical.com\/?page_id=313"},"modified":"2024-03-26T04:18:50","modified_gmt":"2024-03-26T04:18:50","slug":"informacao-aos-fornecedores","status":"publish","type":"page","link":"https:\/\/www.lavimedical.com\/index.php\/quem-somos\/informacao-aos-fornecedores\/","title":{"rendered":"Informa\u00e7\u00e3o aos Fornecedores"},"content":{"rendered":"\t\t<div data-elementor-type=\"wp-page\" data-elementor-id=\"313\" class=\"elementor elementor-313\">\n\t\t\t\t<div class=\"elementor-element elementor-element-635d3ce2 e-flex e-con-boxed e-con e-parent\" data-id=\"635d3ce2\" data-element_type=\"container\" data-settings=\"{&quot;background_background&quot;:&quot;gradient&quot;}\">\n\t\t\t\t\t<div class=\"e-con-inner\">\n\t\t\t\t<div class=\"elementor-element elementor-element-2cd89c29 elementor-widget elementor-widget-heading\" data-id=\"2cd89c29\" data-element_type=\"widget\" data-widget_type=\"heading.default\">\n\t\t\t\t<div class=\"elementor-widget-container\">\n\t\t\t\t\t<h2 class=\"elementor-heading-title elementor-size-default\">Informa\u00e7\u00f5es aos Fornecedores<\/h2>\t\t\t\t<\/div>\n\t\t\t\t<\/div>\n\t\t\t\t<div class=\"elementor-element elementor-element-74965cc5 elementor-widget elementor-widget-text-editor\" data-id=\"74965cc5\" data-element_type=\"widget\" data-widget_type=\"text-editor.default\">\n\t\t\t\t<div class=\"elementor-widget-container\">\n\t\t\t\t\t\t\t\t\t<p><a href=\"#\">Home<\/a> &gt; Informa\u00e7\u00f5es Aos Fornecedores<\/p>\t\t\t\t\t\t\t\t<\/div>\n\t\t\t\t<\/div>\n\t\t\t\t\t<\/div>\n\t\t\t\t<\/div>\n\t\t<div class=\"elementor-element elementor-element-731f5efd e-flex e-con-boxed e-con e-parent\" data-id=\"731f5efd\" data-element_type=\"container\">\n\t\t\t\t\t<div class=\"e-con-inner\">\n\t\t<div class=\"elementor-element elementor-element-5081e91 e-con-full e-flex e-con e-child\" data-id=\"5081e91\" data-element_type=\"container\">\n\t\t\t\t<div class=\"elementor-element elementor-element-534abd70 elementor-widget elementor-widget-text-editor\" data-id=\"534abd70\" data-element_type=\"widget\" data-widget_type=\"text-editor.default\">\n\t\t\t\t<div class=\"elementor-widget-container\">\n\t\t\t\t\t\t\t\t\t<p align=\"justify\">Entendemos que \u00e9 de extrema import\u00e2ncia que os processos do SGQ sejam monitorizados e quando poss\u00edvel e\/ou aplic\u00e1vel, medidos.<\/p>\n\n<p align=\"justify\">Neste sentido, a Lavi Medical utiliza ferramentas para vigiar e medir o desempenho dos processos, produtos e servi\u00e7os que adquire.<\/p>\n\n<p align=\"justify\"><strong style=\"text-align: var(--text-align); color: var( --e-global-color-text ); font-family: var( --e-global-typography-text-font-family ), Sans-serif; background-color: var( --e-global-color-secondary );\">A Qualifica\u00e7\u00e3o e Avalia\u00e7\u00e3o dos nossos Fornecedores \u00e9 realizada de acordo com procedimentos internos<\/strong><span style=\"text-align: var(--text-align); color: var( --e-global-color-text ); font-family: var( --e-global-typography-text-font-family ), Sans-serif; font-weight: var( --e-global-typography-text-font-weight ); background-color: var( --e-global-color-secondary );\">,\u00a0<\/span><em style=\"text-align: var(--text-align); color: var( --e-global-color-text ); font-family: var( --e-global-typography-text-font-family ), Sans-serif; font-weight: var( --e-global-typography-text-font-weight ); background-color: var( --e-global-color-secondary );\">tendo em conta requisitos como:<\/em>\n<ul>\n \t<li>Fornecedores devidamente autorizados pelas autoridades competentes (quando aplic\u00e1vel);<\/li>\n \t<li>Detentores de certifica\u00e7\u00f5es (quando aplic\u00e1vel);<\/li>\n \t<li>Conformidade na documenta\u00e7\u00e3o disponibilizada;<\/li>\n \t<li>Cordialidade no atendimento.<\/li>\n<\/ul><\/p>\n<div><\/div>\n<div><p align=\"justify\"><strong style=\"text-align: var(--text-align); background-color: var( --e-global-color-secondary ); color: var( --e-global-color-text ); font-family: var( --e-global-typography-text-font-family ), Sans-serif;\">A avalia\u00e7\u00e3o do desempenho \u00e9 realizada de forma anual ou semestral, de acordo com os produtos\/servi\u00e7os que s\u00e3o prestados.<\/strong>\n<strong style=\"text-align: var(--text-align); background-color: var( --e-global-color-secondary ); color: var( --e-global-color-text ); font-family: var( --e-global-typography-text-font-family ), Sans-serif;\">\n<\/strong><\/div>\n<em>A Lavi Medical faz medi\u00e7\u00e3o dos par\u00e2metros que valoriza como por exemplo:<\/em>\n<ul>\n \t<li>Compromisso com os acordos qualidade;<\/li>\n \t<li>Condi\u00e7\u00f5es de pagamento;<\/li>\n \t<li>Qualidade dos produtos\/servi\u00e7os;<\/li>\n \t<li>Prazos de entrega;<\/li>\n \t<li>Entrega das quantidades encomendadas;<\/li>\n \t<li>Grau de conformidade do produto\/servi\u00e7o;<\/li>\n \t<li>Apoio ao cliente.<\/li>\n<\/ul><\/p>\n<div><\/div>\n<p align=\"justify\">Assente nesta matriz \u00e9 realizado a quantifica\u00e7\u00e3o em percentagem de acordo com tabela interna, da aptid\u00e3o do fornecedor inicial e peri\u00f3dica, e em fun\u00e7\u00e3o do resultado \u00e9 classificado como aprovado ou n\u00e3o. Caso o fornecedor n\u00e3o apresente as qualifica\u00e7\u00f5es necess\u00e1rias ser-lhe-\u00e1 comunicado, e quais as raz\u00f5es dessa desqualifica\u00e7\u00e3o.<\/p>\t\t\t\t\t\t\t\t<\/div>\n\t\t\t\t<\/div>\n\t\t\t\t<\/div>\n\t\t\t\t\t<\/div>\n\t\t\t\t<\/div>\n\t\t\t\t<\/div>\n\t\t","protected":false},"excerpt":{"rendered":"<p>Informa\u00e7\u00f5es aos Fornecedores Home &gt; Informa\u00e7\u00f5es Aos Fornecedores Entendemos que \u00e9 de extrema import\u00e2ncia que os processos do SGQ sejam monitorizados e quando poss\u00edvel e\/ou aplic\u00e1vel, medidos. Neste sentido, a Lavi Medical utiliza ferramentas para vigiar e medir o desempenho dos processos, produtos e servi\u00e7os que adquire. A Qualifica\u00e7\u00e3o e Avalia\u00e7\u00e3o dos nossos Fornecedores \u00e9 [&hellip;]<\/p>\n","protected":false},"author":1,"featured_media":0,"parent":220,"menu_order":0,"comment_status":"closed","ping_status":"closed","template":"elementor_header_footer","meta":{"footnotes":""},"class_list":["post-313","page","type-page","status-publish","hentry"],"_links":{"self":[{"href":"https:\/\/www.lavimedical.com\/index.php\/wp-json\/wp\/v2\/pages\/313","targetHints":{"allow":["GET"]}}],"collection":[{"href":"https:\/\/www.lavimedical.com\/index.php\/wp-json\/wp\/v2\/pages"}],"about":[{"href":"https:\/\/www.lavimedical.com\/index.php\/wp-json\/wp\/v2\/types\/page"}],"author":[{"embeddable":true,"href":"https:\/\/www.lavimedical.com\/index.php\/wp-json\/wp\/v2\/users\/1"}],"replies":[{"embeddable":true,"href":"https:\/\/www.lavimedical.com\/index.php\/wp-json\/wp\/v2\/comments?post=313"}],"version-history":[{"count":16,"href":"https:\/\/www.lavimedical.com\/index.php\/wp-json\/wp\/v2\/pages\/313\/revisions"}],"predecessor-version":[{"id":542,"href":"https:\/\/www.lavimedical.com\/index.php\/wp-json\/wp\/v2\/pages\/313\/revisions\/542"}],"up":[{"embeddable":true,"href":"https:\/\/www.lavimedical.com\/index.php\/wp-json\/wp\/v2\/pages\/220"}],"wp:attachment":[{"href":"https:\/\/www.lavimedical.com\/index.php\/wp-json\/wp\/v2\/media?parent=313"}],"curies":[{"name":"wp","href":"https:\/\/api.w.org\/{rel}","templated":true}]}}