{"id":359,"date":"2024-02-26T04:15:18","date_gmt":"2024-02-26T04:15:18","guid":{"rendered":"https:\/\/www.lavimedical.com\/?page_id=359"},"modified":"2024-02-28T06:14:27","modified_gmt":"2024-02-28T06:14:27","slug":"produtos","status":"publish","type":"page","link":"https:\/\/www.lavimedical.com\/index.php\/produtos\/","title":{"rendered":"Produtos"},"content":{"rendered":"\t\t<div data-elementor-type=\"wp-page\" data-elementor-id=\"359\" class=\"elementor elementor-359\">\n\t\t\t\t<div class=\"elementor-element elementor-element-2a71b5e2 e-flex e-con-boxed e-con e-parent\" data-id=\"2a71b5e2\" data-element_type=\"container\" data-settings=\"{&quot;background_background&quot;:&quot;gradient&quot;}\">\n\t\t\t\t\t<div class=\"e-con-inner\">\n\t\t\t\t<div class=\"elementor-element elementor-element-8515ddc elementor-widget elementor-widget-heading\" data-id=\"8515ddc\" data-element_type=\"widget\" data-widget_type=\"heading.default\">\n\t\t\t\t<div class=\"elementor-widget-container\">\n\t\t\t\t\t<h1 class=\"elementor-heading-title elementor-size-default\">Nossos Produtos<\/h1>\t\t\t\t<\/div>\n\t\t\t\t<\/div>\n\t\t\t\t<div class=\"elementor-element elementor-element-88e72d1 elementor-widget elementor-widget-text-editor\" data-id=\"88e72d1\" data-element_type=\"widget\" data-widget_type=\"text-editor.default\">\n\t\t\t\t<div class=\"elementor-widget-container\">\n\t\t\t\t\t\t\t\t\t<p><a href=\"#\">Home<\/a> &gt; Produtos<\/p>\t\t\t\t\t\t\t\t<\/div>\n\t\t\t\t<\/div>\n\t\t\t\t\t<\/div>\n\t\t\t\t<\/div>\n\t\t<div class=\"elementor-element elementor-element-7c3fe7c8 e-flex e-con-boxed e-con e-parent\" data-id=\"7c3fe7c8\" data-element_type=\"container\">\n\t\t\t\t\t<div class=\"e-con-inner\">\n\t\t<div class=\"elementor-element elementor-element-65f869c1 animated-slow e-flex e-con-boxed elementor-invisible e-con e-child\" data-id=\"65f869c1\" data-element_type=\"container\" data-settings=\"{&quot;animation&quot;:&quot;fadeInLeft&quot;}\">\n\t\t\t\t\t<div class=\"e-con-inner\">\n\t\t<div class=\"elementor-element elementor-element-3159935d e-con-full e-flex e-con e-child\" data-id=\"3159935d\" data-element_type=\"container\" data-settings=\"{&quot;background_background&quot;:&quot;classic&quot;}\">\n\t\t\t\t<div class=\"elementor-element elementor-element-45df049e elementor-widget elementor-widget-image\" data-id=\"45df049e\" data-element_type=\"widget\" data-widget_type=\"image.default\">\n\t\t\t\t<div class=\"elementor-widget-container\">\n\t\t\t\t\t\t\t\t\t\t\t\t\t\t\t<img fetchpriority=\"high\" decoding=\"async\" width=\"610\" height=\"300\" src=\"https:\/\/www.lavimedical.com\/wp-content\/uploads\/2024\/02\/laviwhite.jpg\" class=\"attachment-full size-full wp-image-449\" alt=\"\" srcset=\"https:\/\/www.lavimedical.com\/wp-content\/uploads\/2024\/02\/laviwhite.jpg 610w, https:\/\/www.lavimedical.com\/wp-content\/uploads\/2024\/02\/laviwhite-300x148.jpg 300w\" sizes=\"(max-width: 610px) 100vw, 610px\" \/>\t\t\t\t\t\t\t\t\t\t\t\t\t\t\t<\/div>\n\t\t\t\t<\/div>\n\t\t\t\t<div class=\"elementor-element elementor-element-12f5632d elementor-widget elementor-widget-heading\" data-id=\"12f5632d\" data-element_type=\"widget\" data-widget_type=\"heading.default\">\n\t\t\t\t<div class=\"elementor-widget-container\">\n\t\t\t\t\t<h4 class=\"elementor-heading-title elementor-size-default\">Lavi White\nBranqueador Dental<\/h4>\t\t\t\t<\/div>\n\t\t\t\t<\/div>\n\t\t\t\t<div class=\"elementor-element elementor-element-6f526adb elementor-align-center elementor-widget elementor-widget-button\" data-id=\"6f526adb\" data-element_type=\"widget\" data-widget_type=\"button.default\">\n\t\t\t\t<div class=\"elementor-widget-container\">\n\t\t\t\t\t\t\t\t\t<div class=\"elementor-button-wrapper\">\n\t\t\t\t\t<a class=\"elementor-button elementor-button-link elementor-size-sm elementor-animation-grow\" href=\"https:\/\/www.lavimedical.com\/index.php\/produtos\/lavi-white-branqueador-dental\/\">\n\t\t\t\t\t\t<span class=\"elementor-button-content-wrapper\">\n\t\t\t\t\t\t\t\t\t<span class=\"elementor-button-text\">Ver Produto<\/span>\n\t\t\t\t\t<\/span>\n\t\t\t\t\t<\/a>\n\t\t\t\t<\/div>\n\t\t\t\t\t\t\t\t<\/div>\n\t\t\t\t<\/div>\n\t\t\t\t<\/div>\n\t\t<div class=\"elementor-element elementor-element-de476d4 e-con-full e-flex e-con e-child\" data-id=\"de476d4\" data-element_type=\"container\" data-settings=\"{&quot;background_background&quot;:&quot;classic&quot;}\">\n\t\t\t\t<div class=\"elementor-element elementor-element-5cab0ce elementor-widget elementor-widget-image\" data-id=\"5cab0ce\" data-element_type=\"widget\" data-widget_type=\"image.default\">\n\t\t\t\t<div class=\"elementor-widget-container\">\n\t\t\t\t\t\t\t\t\t\t\t\t\t\t\t<img decoding=\"async\" width=\"610\" height=\"300\" src=\"https:\/\/www.lavimedical.com\/wp-content\/uploads\/2024\/02\/fiozebbra.jpg\" class=\"attachment-full size-full wp-image-374\" alt=\"\" srcset=\"https:\/\/www.lavimedical.com\/wp-content\/uploads\/2024\/02\/fiozebbra.jpg 610w, https:\/\/www.lavimedical.com\/wp-content\/uploads\/2024\/02\/fiozebbra-300x148.jpg 300w\" sizes=\"(max-width: 610px) 100vw, 610px\" \/>\t\t\t\t\t\t\t\t\t\t\t\t\t\t\t<\/div>\n\t\t\t\t<\/div>\n\t\t\t\t<div class=\"elementor-element elementor-element-f58beae elementor-widget elementor-widget-heading\" data-id=\"f58beae\" data-element_type=\"widget\" data-widget_type=\"heading.default\">\n\t\t\t\t<div class=\"elementor-widget-container\">\n\t\t\t\t\t<h4 class=\"elementor-heading-title elementor-size-default\">Fio Guia Zebra\n Flex Z<\/h4>\t\t\t\t<\/div>\n\t\t\t\t<\/div>\n\t\t\t\t<div class=\"elementor-element elementor-element-0123995 elementor-align-center elementor-widget elementor-widget-button\" data-id=\"0123995\" data-element_type=\"widget\" data-widget_type=\"button.default\">\n\t\t\t\t<div class=\"elementor-widget-container\">\n\t\t\t\t\t\t\t\t\t<div class=\"elementor-button-wrapper\">\n\t\t\t\t\t<a class=\"elementor-button elementor-button-link elementor-size-sm elementor-animation-grow\" href=\"https:\/\/www.lavimedical.com\/index.php\/produtos\/fio-guia-zebra-flex-z\/\">\n\t\t\t\t\t\t<span class=\"elementor-button-content-wrapper\">\n\t\t\t\t\t\t\t\t\t<span class=\"elementor-button-text\">Ver Produto<\/span>\n\t\t\t\t\t<\/span>\n\t\t\t\t\t<\/a>\n\t\t\t\t<\/div>\n\t\t\t\t\t\t\t\t<\/div>\n\t\t\t\t<\/div>\n\t\t\t\t<\/div>\n\t\t<div class=\"elementor-element elementor-element-4b65a389 e-con-full e-flex e-con e-child\" data-id=\"4b65a389\" data-element_type=\"container\" data-settings=\"{&quot;background_background&quot;:&quot;classic&quot;}\">\n\t\t\t\t<div class=\"elementor-element elementor-element-546ebe32 elementor-widget elementor-widget-image\" data-id=\"546ebe32\" data-element_type=\"widget\" data-widget_type=\"image.default\">\n\t\t\t\t<div class=\"elementor-widget-container\">\n\t\t\t\t\t\t\t\t\t\t\t\t\t\t\t<img decoding=\"async\" width=\"610\" height=\"300\" src=\"https:\/\/www.lavimedical.com\/wp-content\/uploads\/2024\/02\/kit-laqueacao.jpg\" class=\"attachment-full size-full wp-image-375\" alt=\"\" srcset=\"https:\/\/www.lavimedical.com\/wp-content\/uploads\/2024\/02\/kit-laqueacao.jpg 610w, https:\/\/www.lavimedical.com\/wp-content\/uploads\/2024\/02\/kit-laqueacao-300x148.jpg 300w\" sizes=\"(max-width: 610px) 100vw, 610px\" \/>\t\t\t\t\t\t\t\t\t\t\t\t\t\t\t<\/div>\n\t\t\t\t<\/div>\n\t\t\t\t<div class=\"elementor-element elementor-element-284c477 elementor-widget elementor-widget-heading\" data-id=\"284c477\" data-element_type=\"widget\" data-widget_type=\"heading.default\">\n\t\t\t\t<div class=\"elementor-widget-container\">\n\t\t\t\t\t<h4 class=\"elementor-heading-title elementor-size-default\">Kit Para Laquea\u00e7\u00e3o Esof\u00e1gicas\nPoli Band<\/h4>\t\t\t\t<\/div>\n\t\t\t\t<\/div>\n\t\t\t\t<div class=\"elementor-element elementor-element-3d7a8151 elementor-align-center elementor-widget elementor-widget-button\" data-id=\"3d7a8151\" data-element_type=\"widget\" data-widget_type=\"button.default\">\n\t\t\t\t<div class=\"elementor-widget-container\">\n\t\t\t\t\t\t\t\t\t<div class=\"elementor-button-wrapper\">\n\t\t\t\t\t<a class=\"elementor-button elementor-button-link elementor-size-sm elementor-animation-grow\" href=\"https:\/\/www.lavimedical.com\/index.php\/produtos\/kit-para-laqueacao-de-varizes-esofagicas-poli-band\/\">\n\t\t\t\t\t\t<span class=\"elementor-button-content-wrapper\">\n\t\t\t\t\t\t\t\t\t<span class=\"elementor-button-text\">Ver Produto<\/span>\n\t\t\t\t\t<\/span>\n\t\t\t\t\t<\/a>\n\t\t\t\t<\/div>\n\t\t\t\t\t\t\t\t<\/div>\n\t\t\t\t<\/div>\n\t\t\t\t<\/div>\n\t\t\t\t\t<\/div>\n\t\t\t\t<\/div>\n\t\t\t\t\t<\/div>\n\t\t\t\t<\/div>\n\t\t\t\t<\/div>\n\t\t","protected":false},"excerpt":{"rendered":"<p>Nossos Produtos Home &gt; Produtos Lavi White Branqueador Dental Ver Produto Fio Guia Zebra Flex Z Ver Produto Kit Para Laquea\u00e7\u00e3o Esof\u00e1gicas Poli Band Ver Produto<\/p>\n","protected":false},"author":1,"featured_media":0,"parent":0,"menu_order":0,"comment_status":"closed","ping_status":"closed","template":"elementor_header_footer","meta":{"footnotes":""},"class_list":["post-359","page","type-page","status-publish","hentry"],"_links":{"self":[{"href":"https:\/\/www.lavimedical.com\/index.php\/wp-json\/wp\/v2\/pages\/359","targetHints":{"allow":["GET"]}}],"collection":[{"href":"https:\/\/www.lavimedical.com\/index.php\/wp-json\/wp\/v2\/pages"}],"about":[{"href":"https:\/\/www.lavimedical.com\/index.php\/wp-json\/wp\/v2\/types\/page"}],"author":[{"embeddable":true,"href":"https:\/\/www.lavimedical.com\/index.php\/wp-json\/wp\/v2\/users\/1"}],"replies":[{"embeddable":true,"href":"https:\/\/www.lavimedical.com\/index.php\/wp-json\/wp\/v2\/comments?post=359"}],"version-history":[{"count":19,"href":"https:\/\/www.lavimedical.com\/index.php\/wp-json\/wp\/v2\/pages\/359\/revisions"}],"predecessor-version":[{"id":504,"href":"https:\/\/www.lavimedical.com\/index.php\/wp-json\/wp\/v2\/pages\/359\/revisions\/504"}],"wp:attachment":[{"href":"https:\/\/www.lavimedical.com\/index.php\/wp-json\/wp\/v2\/media?parent=359"}],"curies":[{"name":"wp","href":"https:\/\/api.w.org\/{rel}","templated":true}]}}