{"id":487,"date":"2024-02-28T06:06:15","date_gmt":"2024-02-28T06:06:15","guid":{"rendered":"https:\/\/www.lavimedical.com\/?page_id=487"},"modified":"2024-04-22T19:59:27","modified_gmt":"2024-04-22T19:59:27","slug":"lavi-white-branqueador-dental","status":"publish","type":"page","link":"https:\/\/www.lavimedical.com\/index.php\/produtos\/lavi-white-branqueador-dental\/","title":{"rendered":"Lavi White &#8211; Branqueador Dental"},"content":{"rendered":"\t\t<div data-elementor-type=\"wp-page\" data-elementor-id=\"487\" class=\"elementor elementor-487\">\n\t\t\t\t<div class=\"elementor-element elementor-element-4fd1937d e-flex e-con-boxed e-con e-parent\" data-id=\"4fd1937d\" data-element_type=\"container\" data-settings=\"{&quot;background_background&quot;:&quot;gradient&quot;}\">\n\t\t\t\t\t<div class=\"e-con-inner\">\n\t\t\t\t<div class=\"elementor-element elementor-element-59c6de84 elementor-widget elementor-widget-heading\" data-id=\"59c6de84\" data-element_type=\"widget\" data-widget_type=\"heading.default\">\n\t\t\t\t<div class=\"elementor-widget-container\">\n\t\t\t\t\t<h1 class=\"elementor-heading-title elementor-size-default\">Nossos Produtos<\/h1>\t\t\t\t<\/div>\n\t\t\t\t<\/div>\n\t\t\t\t<div class=\"elementor-element elementor-element-7cdf5f91 elementor-widget elementor-widget-text-editor\" data-id=\"7cdf5f91\" data-element_type=\"widget\" data-widget_type=\"text-editor.default\">\n\t\t\t\t<div class=\"elementor-widget-container\">\n\t\t\t\t\t\t\t\t\t<p><a href=\"#\">Home<\/a> &gt; Produtos<\/p>\t\t\t\t\t\t\t\t<\/div>\n\t\t\t\t<\/div>\n\t\t\t\t\t<\/div>\n\t\t\t\t<\/div>\n\t\t<div class=\"elementor-element elementor-element-4fa9a7bd e-flex e-con-boxed e-con e-parent\" data-id=\"4fa9a7bd\" data-element_type=\"container\">\n\t\t\t\t\t<div class=\"e-con-inner\">\n\t\t<div class=\"elementor-element elementor-element-3a889c1 e-flex e-con-boxed e-con e-child\" data-id=\"3a889c1\" data-element_type=\"container\">\n\t\t\t\t\t<div class=\"e-con-inner\">\n\t\t<div class=\"elementor-element elementor-element-27a2e93a e-flex e-con-boxed e-con e-child\" data-id=\"27a2e93a\" data-element_type=\"container\" data-settings=\"{&quot;background_background&quot;:&quot;gradient&quot;}\">\n\t\t\t\t\t<div class=\"e-con-inner\">\n\t\t\t\t<div class=\"elementor-element elementor-element-7bca13ef e-transform elementor-widget elementor-widget-image\" data-id=\"7bca13ef\" data-element_type=\"widget\" data-settings=\"{&quot;_transform_scale_effect&quot;:{&quot;unit&quot;:&quot;px&quot;,&quot;size&quot;:1.1,&quot;sizes&quot;:[]},&quot;_transform_scale_effect_tablet&quot;:{&quot;unit&quot;:&quot;px&quot;,&quot;size&quot;:1.15,&quot;sizes&quot;:[]},&quot;_transform_scale_effect_mobile&quot;:{&quot;unit&quot;:&quot;px&quot;,&quot;size&quot;:&quot;&quot;,&quot;sizes&quot;:[]}}\" data-widget_type=\"image.default\">\n\t\t\t\t<div class=\"elementor-widget-container\">\n\t\t\t\t\t\t\t\t\t\t\t\t\t\t\t<img fetchpriority=\"high\" decoding=\"async\" width=\"800\" height=\"667\" src=\"https:\/\/www.lavimedical.com\/wp-content\/uploads\/2024\/02\/Mockup-Caixa03.jpg\" class=\"attachment-full size-full wp-image-491\" alt=\"\" srcset=\"https:\/\/www.lavimedical.com\/wp-content\/uploads\/2024\/02\/Mockup-Caixa03.jpg 800w, https:\/\/www.lavimedical.com\/wp-content\/uploads\/2024\/02\/Mockup-Caixa03-300x250.jpg 300w, https:\/\/www.lavimedical.com\/wp-content\/uploads\/2024\/02\/Mockup-Caixa03-768x640.jpg 768w\" sizes=\"(max-width: 800px) 100vw, 800px\" \/>\t\t\t\t\t\t\t\t\t\t\t\t\t\t\t<\/div>\n\t\t\t\t<\/div>\n\t\t\t\t\t<\/div>\n\t\t\t\t<\/div>\n\t\t\t\t\t<\/div>\n\t\t\t\t<\/div>\n\t\t<div class=\"elementor-element elementor-element-614d906b animated-slow e-flex e-con-boxed elementor-invisible e-con e-child\" data-id=\"614d906b\" data-element_type=\"container\" data-settings=\"{&quot;animation&quot;:&quot;fadeInUp&quot;}\">\n\t\t\t\t\t<div class=\"e-con-inner\">\n\t\t\t\t<div class=\"elementor-element elementor-element-786c9987 elementor-widget elementor-widget-heading\" data-id=\"786c9987\" data-element_type=\"widget\" data-widget_type=\"heading.default\">\n\t\t\t\t<div class=\"elementor-widget-container\">\n\t\t\t\t\t<h3 class=\"elementor-heading-title elementor-size-default\">Lavi White - Branqueador Dental<\/h3>\t\t\t\t<\/div>\n\t\t\t\t<\/div>\n\t\t\t\t<div class=\"elementor-element elementor-element-156523f5 elementor-widget elementor-widget-text-editor\" data-id=\"156523f5\" data-element_type=\"widget\" data-widget_type=\"text-editor.default\">\n\t\t\t\t<div class=\"elementor-widget-container\">\n\t\t\t\t\t\t\t\t\t<p style=\"text-align: left;\">O produto \u00e9 indicado para o branqueamento dent\u00e1rio, com resultados desde a primeira utiliza\u00e7\u00e3o. A f\u00f3rmula exclusiva do gel \u00e9 ativada em contacto com a saliva presente na superf\u00edcie dos dentes.\u00a0<\/p><p style=\"text-align: left;\"><strong>USO PREVISTO<\/strong><\/p><p style=\"text-align: left;\">O gel branqueador \u00e9 indicado para uso dom\u00e9stico, de acordo com a diretiva europeia 2011\/84\/EU relativa a produtos cosm\u00e9ticos. A recomenda\u00e7\u00e3o para o efeito previsto, \u00e9 de 15 dias consecutivos de utiliza\u00e7\u00e3o.<\/p><p style=\"text-align: left;\"><strong><span style=\"text-align: var(--text-align); background-color: var( --e-global-color-secondary ); color: var( --e-global-color-text ); font-family: var( --e-global-typography-text-font-family ), Sans-serif;\">INGREDIENTES<\/span><\/strong><\/p><p style=\"text-align: left;\"><span style=\"text-align: var(--text-align); background-color: var( --e-global-color-secondary ); color: var( --e-global-color-text ); font-family: var( --e-global-typography-text-font-family ), Sans-serif; font-weight: var( --e-global-typography-text-font-weight );\">Glicerina, Propilenoglicol, Carb\u00f3mero, Acessulfame de Pot\u00e1ssio, Mica, Mentol, Per\u00f3xido de Carbonato de S\u00f3dio, Cl 77891, Trietanolamina.<\/span><\/p>\t\t\t\t\t\t\t\t<\/div>\n\t\t\t\t<\/div>\n\t\t\t\t<div class=\"elementor-element elementor-element-648634a elementor-widget elementor-widget-button\" data-id=\"648634a\" data-element_type=\"widget\" data-widget_type=\"button.default\">\n\t\t\t\t<div class=\"elementor-widget-container\">\n\t\t\t\t\t\t\t\t\t<div class=\"elementor-button-wrapper\">\n\t\t\t\t\t<a class=\"elementor-button elementor-button-link elementor-size-sm\" href=\"https:\/\/www.lavimedical.com\/wp-content\/uploads\/2024\/02\/fi_008_r01-gel-branqueador-lavi.pdf\" target=\"_blank\">\n\t\t\t\t\t\t<span class=\"elementor-button-content-wrapper\">\n\t\t\t\t\t\t\t\t\t<span class=\"elementor-button-text\">Folheto Informativo<\/span>\n\t\t\t\t\t<\/span>\n\t\t\t\t\t<\/a>\n\t\t\t\t<\/div>\n\t\t\t\t\t\t\t\t<\/div>\n\t\t\t\t<\/div>\n\t\t\t\t<div class=\"elementor-element elementor-element-3deabdf elementor-widget elementor-widget-button\" data-id=\"3deabdf\" data-element_type=\"widget\" data-widget_type=\"button.default\">\n\t\t\t\t<div class=\"elementor-widget-container\">\n\t\t\t\t\t\t\t\t\t<div class=\"elementor-button-wrapper\">\n\t\t\t\t\t<a class=\"elementor-button elementor-button-link elementor-size-sm\" href=\"https:\/\/www.lavimedical.com\/wp-content\/uploads\/2024\/02\/catalogo-oficial-lavi-white.pdf\" target=\"_blank\">\n\t\t\t\t\t\t<span class=\"elementor-button-content-wrapper\">\n\t\t\t\t\t\t\t\t\t<span class=\"elementor-button-text\">Download Cat\u00e1logo<\/span>\n\t\t\t\t\t<\/span>\n\t\t\t\t\t<\/a>\n\t\t\t\t<\/div>\n\t\t\t\t\t\t\t\t<\/div>\n\t\t\t\t<\/div>\n\t\t\t\t\t<\/div>\n\t\t\t\t<\/div>\n\t\t\t\t\t<\/div>\n\t\t\t\t<\/div>\n\t\t<div class=\"elementor-element elementor-element-d051b25 e-flex e-con-boxed e-con e-parent\" data-id=\"d051b25\" data-element_type=\"container\">\n\t\t\t\t\t<div class=\"e-con-inner\">\n\t\t<div class=\"elementor-element elementor-element-cb2092e e-flex e-con-boxed e-con e-child\" data-id=\"cb2092e\" data-element_type=\"container\" data-settings=\"{&quot;background_background&quot;:&quot;classic&quot;}\">\n\t\t\t\t\t<div class=\"e-con-inner\">\n\t\t\t\t<div class=\"elementor-element elementor-element-91da451 elementor-widget elementor-widget-heading\" data-id=\"91da451\" data-element_type=\"widget\" data-widget_type=\"heading.default\">\n\t\t\t\t<div class=\"elementor-widget-container\">\n\t\t\t\t\t<h2 class=\"elementor-heading-title elementor-size-default\">Fale Connosco<\/h2>\t\t\t\t<\/div>\n\t\t\t\t<\/div>\n\t\t<div class=\"elementor-element elementor-element-34a780d e-flex e-con-boxed e-con e-child\" data-id=\"34a780d\" data-element_type=\"container\" data-settings=\"{&quot;background_background&quot;:&quot;classic&quot;}\">\n\t\t\t\t\t<div class=\"e-con-inner\">\n\t\t<div class=\"elementor-element elementor-element-7e68abb e-flex e-con-boxed e-con e-child\" data-id=\"7e68abb\" data-element_type=\"container\" data-settings=\"{&quot;background_background&quot;:&quot;classic&quot;}\">\n\t\t\t\t\t<div class=\"e-con-inner\">\n\t\t\t\t<div class=\"elementor-element elementor-element-f360997 elementor-widget elementor-widget-heading\" data-id=\"f360997\" data-element_type=\"widget\" data-widget_type=\"heading.default\">\n\t\t\t\t<div class=\"elementor-widget-container\">\n\t\t\t\t\t<h3 class=\"elementor-heading-title elementor-size-default\">Tem alguma d\u00favida sobre os nossos produtos?<\/h3>\t\t\t\t<\/div>\n\t\t\t\t<\/div>\n\t\t\t\t<div class=\"elementor-element elementor-element-40e4939 elementor-widget elementor-widget-text-editor\" data-id=\"40e4939\" data-element_type=\"widget\" data-widget_type=\"text-editor.default\">\n\t\t\t\t<div class=\"elementor-widget-container\">\n\t\t\t\t\t\t\t\t\t<p>Envie uma mensagem agora mesmo, que a nossa equipa especializada retornar\u00e1 em breve.<\/p>\t\t\t\t\t\t\t\t<\/div>\n\t\t\t\t<\/div>\n\t\t\t\t\t<\/div>\n\t\t\t\t<\/div>\n\t\t<div class=\"elementor-element elementor-element-0677ff6 e-flex e-con-boxed e-con e-child\" data-id=\"0677ff6\" data-element_type=\"container\" data-settings=\"{&quot;background_background&quot;:&quot;classic&quot;}\">\n\t\t\t\t\t<div class=\"e-con-inner\">\n\t\t\t\t<div class=\"elementor-element elementor-element-b72615e elementor-widget elementor-widget-rform\" data-id=\"b72615e\" data-element_type=\"widget\" data-widget_type=\"rform.default\">\n\t\t\t\t<div class=\"elementor-widget-container\">\n\t\t\t\t\t            <form id=\"rform\" data-form=\"113\">\r\n                <div class=\"require-login msg\">\r\n                    <div class=\"require-msg-body\">\r\n                        <svg xmlns=\"http:\/\/www.w3.org\/2000\/svg\" width=\"35\" height=\"35\" fill=\"#FF0000\" class=\"bi bi-exclamation-circle-fill\" viewBox=\"0 0 16 16\">\r\n                            <path d=\"M16 8A8 8 0 1 1 0 8a8 8 0 0 1 16 0zM8 4a.905.905 0 0 0-.9.995l.35 3.507a.552.552 0 0 0 1.1 0l.35-3.507A.905.905 0 0 0 8 4zm.002 6a1 1 0 1 0 0 2 1 1 0 0 0 0-2z\" \/>\r\n                        <\/svg>\r\n                        <div style=\"width: 100% ;\">\r\n                            <h5 class=\"required-title\">Required Login<\/h5>\r\n                            Please Login for Submit Form.\r\n                        <\/div>\r\n                        <div>\r\n                            <a type=\"button\" class=\"close-msg\">Close<\/a>\r\n                        <\/div>\r\n                    <\/div>\r\n                <\/div>\r\n                <div class=\"success-submit msg\"\r\n                    >\r\n                    <div class=\"success-body\">\r\n                        <svg xmlns=\"http:\/\/www.w3.org\/2000\/svg\" width=\"35\" height=\"35\" class=\"bi bi-check-circle-fill success-icon\" viewBox=\"0 0 16 16\">\r\n                            <path d=\"M16 8A8 8 0 1 1 0 8a8 8 0 0 1 16 0zm-3.97-3.03a.75.75 0 0 0-1.08.022L7.477 9.417 5.384 7.323a.75.75 0 0 0-1.06 1.06L6.97 11.03a.75.75 0 0 0 1.079-.02l3.992-4.99a.75.75 0 0 0-.01-1.05z\" \/>\r\n                        <\/svg>\r\n                        <div style=\"width: 100%;\">\r\n                            <h5 class=\"success-title\">Success<\/h5>\r\n                            <p class=\"success-description\">\r\n                                Obrigado! Enviado com sucesso.                            <\/p>\r\n                        <\/div>\r\n                        <div>\r\n                            <button class=\"close-msg\"><\/button>\r\n                        <\/div>\r\n                    <\/div>\r\n                <\/div>\r\n                <style>.elementor-113 .elementor-element.elementor-element-57483772{--display:flex;--flex-direction:column;--container-widget-width:100%;--container-widget-height:initial;--container-widget-flex-grow:0;--container-widget-align-self:initial;--flex-wrap-mobile:wrap;}.elementor-113 .elementor-element.elementor-element-107fc2db .rform-input{background-color:var( --e-global-color-secondary );padding:15px 30px 15px 30px;font-family:var( --e-global-typography-text-font-family ), Sans-serif;font-size:var( --e-global-typography-text-font-size );font-weight:var( --e-global-typography-text-font-weight );border-radius:25px 25px 25px 25px;color:var( --e-global-color-text );border-style:solid;border-width:1px 1px 1px 1px;border-color:var( --e-global-color-60ebfe3 );}.elementor-113 .elementor-element.elementor-element-107fc2db .rform-input:hover{background-color:var( --e-global-color-secondary );color:var( --e-global-color-text );}.elementor-113 .elementor-element.elementor-element-107fc2db .rform-input:focus{background-color:var( --e-global-color-secondary );color:var( --e-global-color-text );}.elementor-113 .elementor-element.elementor-element-107fc2db .rform-input[aria-invalid=\"true\"]{background-color:var( --e-global-color-secondary );color:var( --e-global-color-primary );}.elementor-113 .elementor-element.elementor-element-107fc2db .rform-error{text-align:left;}.elementor-113 .elementor-element.elementor-element-5972573e .rform-input{background-color:var( --e-global-color-secondary );padding:15px 30px 15px 30px;font-family:var( --e-global-typography-text-font-family ), Sans-serif;font-size:var( --e-global-typography-text-font-size );font-weight:var( --e-global-typography-text-font-weight );border-radius:25px 25px 25px 25px;color:var( --e-global-color-text );border-style:solid;border-width:1px 1px 1px 1px;border-color:var( --e-global-color-60ebfe3 );}.elementor-113 .elementor-element.elementor-element-5972573e .rform-input:hover{background-color:var( --e-global-color-secondary );color:var( --e-global-color-text );}.elementor-113 .elementor-element.elementor-element-5972573e .rform-input:focus{background-color:var( --e-global-color-secondary );color:var( --e-global-color-text );}.elementor-113 .elementor-element.elementor-element-5972573e .rform-input[aria-invalid=\"true\"]{background-color:var( --e-global-color-secondary );color:var( --e-global-color-primary );}.elementor-113 .elementor-element.elementor-element-5972573e .rform-error{text-align:left;}.elementor-113 .elementor-element.elementor-element-b80e14f .rform-input{background-color:var( --e-global-color-secondary );padding:15px 30px 15px 30px;font-family:var( --e-global-typography-text-font-family ), Sans-serif;font-size:var( --e-global-typography-text-font-size );font-weight:var( --e-global-typography-text-font-weight );border-radius:25px 25px 25px 25px;color:var( --e-global-color-text );border-style:solid;border-width:1px 1px 1px 1px;border-color:var( --e-global-color-60ebfe3 );}.elementor-113 .elementor-element.elementor-element-b80e14f .rform-input:hover{background-color:var( --e-global-color-secondary );color:var( --e-global-color-text );}.elementor-113 .elementor-element.elementor-element-b80e14f .rform-input:focus{background-color:var( --e-global-color-secondary );color:var( --e-global-color-text );}.elementor-113 .elementor-element.elementor-element-b80e14f .rform-input[aria-invalid=\"true\"]{background-color:var( --e-global-color-secondary );color:var( --e-global-color-primary );}.elementor-113 .elementor-element.elementor-element-b80e14f .rform-error{text-align:left;}.elementor-113 .elementor-element.elementor-element-776bc4ce .rform-input{background-color:var( --e-global-color-secondary );height:155px;padding:15px 30px 15px 30px;font-family:var( --e-global-typography-text-font-family ), Sans-serif;font-size:var( --e-global-typography-text-font-size );font-weight:var( --e-global-typography-text-font-weight );border-radius:30px;color:var( --e-global-color-text );border-style:solid;border-width:1px 1px 1px 1px;border-color:var( --e-global-color-60ebfe3 );}.elementor-113 .elementor-element.elementor-element-776bc4ce .rform-input:hover{background-color:var( --e-global-color-secondary );color:var( --e-global-color-text );}.elementor-113 .elementor-element.elementor-element-776bc4ce .rform-input:focus{background-color:var( --e-global-color-secondary );color:var( --e-global-color-text );}.elementor-113 .elementor-element.elementor-element-776bc4ce .rform-input[aria-invalid=\"true\"]{background-color:var( --e-global-color-secondary );color:var( --e-global-color-primary );}.elementor-113 .elementor-element.elementor-element-776bc4ce .rform-error{text-align:left;}.elementor-113 .elementor-element.elementor-element-10ca9296 .rform-button-submit:hover {background-color:var( --e-global-color-1f2b43b );}.elementor-113 .elementor-element.elementor-element-10ca9296 .rform-button-submit{flex-direction:row;border-style:none;}:root{--page-title-display:none;}@media(max-width:1024px){.elementor-113 .elementor-element.elementor-element-107fc2db .rform-input{font-size:var( --e-global-typography-text-font-size );}.elementor-113 .elementor-element.elementor-element-5972573e .rform-input{font-size:var( --e-global-typography-text-font-size );}.elementor-113 .elementor-element.elementor-element-b80e14f .rform-input{font-size:var( --e-global-typography-text-font-size );}.elementor-113 .elementor-element.elementor-element-776bc4ce .rform-input{font-size:var( --e-global-typography-text-font-size );}}@media(max-width:767px){.elementor-113 .elementor-element.elementor-element-107fc2db .rform-input{font-size:var( --e-global-typography-text-font-size );}.elementor-113 .elementor-element.elementor-element-5972573e .rform-input{font-size:var( --e-global-typography-text-font-size );}.elementor-113 .elementor-element.elementor-element-b80e14f .rform-input{font-size:var( --e-global-typography-text-font-size );}.elementor-113 .elementor-element.elementor-element-776bc4ce .rform-input{font-size:var( --e-global-typography-text-font-size );}}<\/style>\t\t<div data-elementor-type=\"wp-post\" data-elementor-id=\"113\" class=\"elementor elementor-113\">\n\t\t\t\t<div class=\"elementor-element elementor-element-57483772 e-con-full e-flex e-con e-parent\" data-id=\"57483772\" data-element_type=\"container\">\n\t\t\t\t<div class=\"elementor-element elementor-element-107fc2db elementor-widget elementor-widget-text\" data-id=\"107fc2db\" data-element_type=\"widget\" data-widget_type=\"text.default\">\n\t\t\t\t<div class=\"elementor-widget-container\">\n\t\t\t\t\t        <div class=\"rform-container\">\r\n            <div class=\"rform-control \">\r\n                                <input name=\"rform-text\" placeholder=\"Seu nome\" class=\"rform-input\" id=\"rform-input-text-276808411\" type=\"text\" onblur=\"validate_input( 'rform-input-text-' , 'rform-input-err-' ,'276808411')\" aria-invalid=false data-val=\"by_char\"   required>\r\n            <\/div>\r\n            <span role=\"alert\" class=\"rform-error\" id=\"rform-input-err-276808411\">Campo obrigat\u00f3rio.<\/span>\r\n            <div class=\"rform-help-text\">\r\n                <span><\/span>\r\n            <\/div>\r\n        <\/div>\r\n\t\t\t\t<\/div>\n\t\t\t\t<\/div>\n\t\t\t\t<div class=\"elementor-element elementor-element-5972573e elementor-widget elementor-widget-email\" data-id=\"5972573e\" data-element_type=\"widget\" data-widget_type=\"email.default\">\n\t\t\t\t<div class=\"elementor-widget-container\">\n\t\t\t\t\t        <div class=\"rform-container\">\r\n            <div class=\"rform-control \">\r\n                                <input name=\"rform-email\" placeholder=\"Seu e-mail\" class=\"rform-input\" id=\"rform-input-email-1500665662\" type=\"email\" onblur=\"validate_input( 'rform-input-email-' , 'rform-input-err-' ,'1500665662')\" aria-invalid=false data-val=\"by_char\"   required>\r\n            <\/div>\r\n            <span role=\"alert\" class=\"rform-error\" id=\"rform-input-err-1500665662\">Campo obrigat\u00f3rio.<\/span>\r\n            <div class=\"rform-help-text\">\r\n                <span><\/span>\r\n            <\/div>\r\n        <\/div>\r\n\t\t\t\t<\/div>\n\t\t\t\t<\/div>\n\t\t\t\t<div class=\"elementor-element elementor-element-b80e14f elementor-widget elementor-widget-text\" data-id=\"b80e14f\" data-element_type=\"widget\" data-widget_type=\"text.default\">\n\t\t\t\t<div class=\"elementor-widget-container\">\n\t\t\t\t\t        <div class=\"rform-container\">\r\n            <div class=\"rform-control \">\r\n                                <input name=\"rform-tel\" placeholder=\"Seu telefone\" class=\"rform-input\" id=\"rform-input-text-192995663\" type=\"text\" onblur=\"validate_input( 'rform-input-text-' , 'rform-input-err-' ,'192995663')\" aria-invalid=false data-val=\"by_char\"   required>\r\n            <\/div>\r\n            <span role=\"alert\" class=\"rform-error\" id=\"rform-input-err-192995663\">Campo obrigat\u00f3rio.<\/span>\r\n            <div class=\"rform-help-text\">\r\n                <span><\/span>\r\n            <\/div>\r\n        <\/div>\r\n\t\t\t\t<\/div>\n\t\t\t\t<\/div>\n\t\t\t\t<div class=\"elementor-element elementor-element-776bc4ce elementor-widget elementor-widget-text-area\" data-id=\"776bc4ce\" data-element_type=\"widget\" data-widget_type=\"text-area.default\">\n\t\t\t\t<div class=\"elementor-widget-container\">\n\t\t\t\t\t        <div class=\"rform-container\">\r\n            <div class=\"rform-control \">\r\n                                <textarea name=\"rform-message \" placeholder=\"Escreva a sua mensagem\" class=\"rform-input\" id=\"rform-input-textarea-2003551438\" type=\"text\" onblur=\"validate_input( 'rform-input-textarea-' , 'rform-input-err-' ,'2003551438')\" aria-invalid=false data-val=\"by_char\"   required><\/textarea>\r\n            <\/div>\r\n            <span role=\"alert\" class=\"rform-error\" id=\"rform-input-err-2003551438\">Campo obrigat\u00f3rio.<\/span>\r\n            <div class=\"rform-help-text\">\r\n                <span><\/span>\r\n            <\/div>\r\n        <\/div>\r\n\t\t\t\t<\/div>\n\t\t\t\t<\/div>\n\t\t\t\t<div class=\"elementor-element elementor-element-10ca9296 elementor-widget elementor-widget-rform_button_submit\" data-id=\"10ca9296\" data-element_type=\"widget\" data-widget_type=\"rform_button_submit.default\">\n\t\t\t\t<div class=\"elementor-widget-container\">\n\t\t\t\t\t        <div class=\"rform-button-container\">\r\n            <button class=\"rform-button-submit rform-btn-fullwidth\" type=\"button\" id=\"rform-button-submit\">\r\n                <div class=\"rform-btn-icon-container\">\r\n                                    <\/div>\r\n                Envie Agora            <\/button>\r\n        <\/div>\r\n\r\n\r\n\t\t\t\t<\/div>\n\t\t\t\t<\/div>\n\t\t\t\t<\/div>\n\t\t\t\t<\/div>\n\t\t            <\/form>\r\n            \t\t\t\t<\/div>\n\t\t\t\t<\/div>\n\t\t\t\t\t<\/div>\n\t\t\t\t<\/div>\n\t\t\t\t\t<\/div>\n\t\t\t\t<\/div>\n\t\t\t\t\t<\/div>\n\t\t\t\t<\/div>\n\t\t\t\t\t<\/div>\n\t\t\t\t<\/div>\n\t\t\t\t<\/div>\n\t\t","protected":false},"excerpt":{"rendered":"<p>Nossos Produtos Home &gt; Produtos Lavi White &#8211; Branqueador Dental O produto \u00e9 indicado para o branqueamento dent\u00e1rio, com resultados desde a primeira utiliza\u00e7\u00e3o. A f\u00f3rmula exclusiva do gel \u00e9 ativada em contacto com a saliva presente na superf\u00edcie dos dentes.\u00a0 USO PREVISTO O gel branqueador \u00e9 indicado para uso dom\u00e9stico, de acordo com a [&hellip;]<\/p>\n","protected":false},"author":1,"featured_media":0,"parent":359,"menu_order":0,"comment_status":"closed","ping_status":"closed","template":"elementor_header_footer","meta":{"footnotes":""},"class_list":["post-487","page","type-page","status-publish","hentry"],"_links":{"self":[{"href":"https:\/\/www.lavimedical.com\/index.php\/wp-json\/wp\/v2\/pages\/487","targetHints":{"allow":["GET"]}}],"collection":[{"href":"https:\/\/www.lavimedical.com\/index.php\/wp-json\/wp\/v2\/pages"}],"about":[{"href":"https:\/\/www.lavimedical.com\/index.php\/wp-json\/wp\/v2\/types\/page"}],"author":[{"embeddable":true,"href":"https:\/\/www.lavimedical.com\/index.php\/wp-json\/wp\/v2\/users\/1"}],"replies":[{"embeddable":true,"href":"https:\/\/www.lavimedical.com\/index.php\/wp-json\/wp\/v2\/comments?post=487"}],"version-history":[{"count":19,"href":"https:\/\/www.lavimedical.com\/index.php\/wp-json\/wp\/v2\/pages\/487\/revisions"}],"predecessor-version":[{"id":760,"href":"https:\/\/www.lavimedical.com\/index.php\/wp-json\/wp\/v2\/pages\/487\/revisions\/760"}],"up":[{"embeddable":true,"href":"https:\/\/www.lavimedical.com\/index.php\/wp-json\/wp\/v2\/pages\/359"}],"wp:attachment":[{"href":"https:\/\/www.lavimedical.com\/index.php\/wp-json\/wp\/v2\/media?parent=487"}],"curies":[{"name":"wp","href":"https:\/\/api.w.org\/{rel}","templated":true}]}}